{"id":41,"date":"2018-03-28T02:28:01","date_gmt":"2018-03-28T02:28:01","guid":{"rendered":"https:\/\/rabferroeaco.com.br\/site\/?page_id=41"},"modified":"2023-03-16T03:01:46","modified_gmt":"2023-03-16T03:01:46","slug":"home","status":"publish","type":"page","link":"https:\/\/rabferroeaco.com.br\/site\/","title":{"rendered":"Home"},"content":{"rendered":"<p>[et_pb_section fb_built=&#8221;1&#8243; fullwidth=&#8221;on&#8221; _builder_version=&#8221;4.16&#8243; global_colors_info=&#8221;{}&#8221;][et_pb_fullwidth_code _builder_version=&#8221;4.16&#8243; link_option_url=&#8221;#sobre&#8221; global_colors_info=&#8221;{}&#8221;]<div id=\"metaslider-id-591\" style=\"width: 100%; margin: 0 auto;\" class=\"ml-slider-3-29-0 metaslider metaslider-flex metaslider-591 ml-slider ms-theme-bubble has-dots-nav\">\n    <div id=\"metaslider_container_591\">\n        <div id=\"metaslider_591\">\n            <ul aria-live=\"polite\" class=\"slides\">\n                <li style=\"display: block; width: 100%;\" class=\"slide-610 ms-image\"><img width=\"1920\" height=\"800\" src=\"https:\/\/rabferroeaco.com.br\/site\/wp-content\/uploads\/2023\/01\/site_rab_banner01_01.jpg\" class=\"slider-591 slide-610\" alt=\"\" decoding=\"async\" loading=\"lazy\" rel=\"\" title=\"site_rab_banner01_01\" srcset=\"https:\/\/rabferroeaco.com.br\/site\/wp-content\/uploads\/2023\/01\/site_rab_banner01_01.jpg 1920w, https:\/\/rabferroeaco.com.br\/site\/wp-content\/uploads\/2023\/01\/site_rab_banner01_01-1280x533.jpg 1280w, https:\/\/rabferroeaco.com.br\/site\/wp-content\/uploads\/2023\/01\/site_rab_banner01_01-980x408.jpg 980w, https:\/\/rabferroeaco.com.br\/site\/wp-content\/uploads\/2023\/01\/site_rab_banner01_01-480x200.jpg 480w\" sizes=\"(min-width: 0px) and (max-width: 480px) 480px, (min-width: 481px) and (max-width: 980px) 980px, (min-width: 981px) and (max-width: 1280px) 1280px, (min-width: 1281px) 1920px, 100vw\" \/><\/li>\n                <li style=\"display: none; width: 100%;\" class=\"slide-611 ms-image\"><img width=\"1920\" height=\"800\" src=\"https:\/\/rabferroeaco.com.br\/site\/wp-content\/uploads\/2023\/01\/site_rab_banner02_01.jpg\" class=\"slider-591 slide-611\" alt=\"\" decoding=\"async\" loading=\"lazy\" rel=\"\" title=\"site_rab_banner02_01\" srcset=\"https:\/\/rabferroeaco.com.br\/site\/wp-content\/uploads\/2023\/01\/site_rab_banner02_01.jpg 1920w, https:\/\/rabferroeaco.com.br\/site\/wp-content\/uploads\/2023\/01\/site_rab_banner02_01-1280x533.jpg 1280w, https:\/\/rabferroeaco.com.br\/site\/wp-content\/uploads\/2023\/01\/site_rab_banner02_01-980x408.jpg 980w, https:\/\/rabferroeaco.com.br\/site\/wp-content\/uploads\/2023\/01\/site_rab_banner02_01-480x200.jpg 480w\" sizes=\"(min-width: 0px) and (max-width: 480px) 480px, (min-width: 481px) and (max-width: 980px) 980px, (min-width: 981px) and (max-width: 1280px) 1280px, (min-width: 1281px) 1920px, 100vw\" \/><\/li>\n                <li style=\"display: none; width: 100%;\" class=\"slide-612 ms-image\"><img width=\"1920\" height=\"800\" src=\"https:\/\/rabferroeaco.com.br\/site\/wp-content\/uploads\/2023\/01\/site_rab_banner03.jpg\" class=\"slider-591 slide-612\" alt=\"\" decoding=\"async\" loading=\"lazy\" rel=\"\" title=\"site_rab_banner03\" srcset=\"https:\/\/rabferroeaco.com.br\/site\/wp-content\/uploads\/2023\/01\/site_rab_banner03.jpg 1920w, https:\/\/rabferroeaco.com.br\/site\/wp-content\/uploads\/2023\/01\/site_rab_banner03-1280x533.jpg 1280w, https:\/\/rabferroeaco.com.br\/site\/wp-content\/uploads\/2023\/01\/site_rab_banner03-980x408.jpg 980w, https:\/\/rabferroeaco.com.br\/site\/wp-content\/uploads\/2023\/01\/site_rab_banner03-480x200.jpg 480w\" sizes=\"(min-width: 0px) and (max-width: 480px) 480px, (min-width: 481px) and (max-width: 980px) 980px, (min-width: 981px) and (max-width: 1280px) 1280px, (min-width: 1281px) 1920px, 100vw\" \/><\/li>\n            <\/ul>\n        <\/div>\n        \n    <\/div>\n<\/div>[\/et_pb_fullwidth_code][\/et_pb_section][et_pb_section fb_built=&#8221;1&#8243; module_id=&#8221;sobre&#8221; _builder_version=&#8221;4.4.2&#8243; background_color=&#8221;#a8cf45&#8243; custom_padding=&#8221;80px||40px||false|false&#8221; global_module=&#8221;516&#8243; saved_tabs=&#8221;all&#8221; global_colors_info=&#8221;{}&#8221;][et_pb_row column_structure=&#8221;1_2,1_2&#8243; _builder_version=&#8221;4.16&#8243; global_colors_info=&#8221;{}&#8221;][et_pb_column type=&#8221;1_2&#8243; _builder_version=&#8221;4.16&#8243; global_colors_info=&#8221;{}&#8221;][et_pb_image src=&#8221;https:\/\/rabferroeaco.com.br\/site\/wp-content\/uploads\/2023\/01\/fachada2.png&#8221; _builder_version=&#8221;4.16&#8243; border_width_all=&#8221;13px&#8221; border_color_all=&#8221;#ffffff&#8221; box_shadow_style=&#8221;preset1&#8243; global_colors_info=&#8221;{}&#8221;][\/et_pb_image][\/et_pb_column][et_pb_column type=&#8221;1_2&#8243; _builder_version=&#8221;4.16&#8243; global_colors_info=&#8221;{}&#8221;][et_pb_text _builder_version=&#8221;4.16&#8243; text_font=&#8221;|800|||||||&#8221; text_text_color=&#8221;#ffffff&#8221; text_font_size=&#8221;38px&#8221; custom_margin=&#8221;9px|||||&#8221; global_colors_info=&#8221;{}&#8221;]<\/p>\n<p>SOBRE N\u00d3S<\/p>\n<p>[\/et_pb_text][et_pb_text _builder_version=&#8221;4.16&#8243; text_text_color=&#8221;#ffffff&#8221; text_font_size=&#8221;20px&#8221; global_colors_info=&#8221;{}&#8221;]<\/p>\n<p>A RAB Ferro e A\u00e7o traz a melhor solu\u00e7\u00e3o para sua OBRA e SERRALHERIA com ferros e metais diretamente da f\u00e1brica!<\/p>\n<p>Com grande experi\u00eancia no fornecimento de material para constru\u00e7\u00e3o, funda\u00e7\u00e3o e torres de telecom, somos referencia em artefatos em ferro e a\u00e7o, entendendo especifica\u00e7\u00f5es t\u00e9cnicas nobres e tamb\u00e9m aplica\u00e7\u00f5es mais simples da constru\u00e7\u00e3o civil.<\/p>\n<p>Fa\u00e7a um or\u00e7amento, vem pra RAB Ferro e A\u00e7o!<\/p>\n<p>[\/et_pb_text][et_pb_button button_url=&#8221;#servicos&#8221; url_new_window=&#8221;on&#8221; button_text=&#8221;SERVI\u00c7OS&#8221; button_alignment=&#8221;left&#8221; _builder_version=&#8221;4.16&#8243; custom_button=&#8221;on&#8221; button_text_size=&#8221;24px&#8221; button_text_color=&#8221;#ffffff&#8221; button_bg_color=&#8221;#0c71c3&#8243; button_border_width=&#8221;0px&#8221; button_font=&#8221;|800|||||||&#8221; button_icon=&#8221;&#x24;||divi||400&#8243; button_on_hover=&#8221;off&#8221; background_layout=&#8221;dark&#8221; global_colors_info=&#8221;{}&#8221;][\/et_pb_button][\/et_pb_column][\/et_pb_row][\/et_pb_section][et_pb_section fb_built=&#8221;1&#8243; prev_background_color=&#8221;#a8cf45&#8243; _builder_version=&#8221;4.16&#8243; background_color=&#8221;rgba(178,178,178,0.16)&#8221; custom_padding=&#8221;|0px|54px|0px|false|false&#8221; top_divider_style=&#8221;curve&#8221; global_colors_info=&#8221;{}&#8221;][et_pb_row column_structure=&#8221;3_5,2_5&#8243; _builder_version=&#8221;4.16&#8243; background_color=&#8221;#3e4095&#8243; background_size=&#8221;initial&#8221; background_position=&#8221;top_left&#8221; background_repeat=&#8221;repeat&#8221; custom_padding=&#8221;59px|30px|50px|30px||&#8221; animation_style=&#8221;bounce&#8221; border_radii=&#8221;on|20px|20px|20px|20px&#8221; global_colors_info=&#8221;{}&#8221;][et_pb_column type=&#8221;3_5&#8243; _builder_version=&#8221;4.16&#8243; custom_padding=&#8221;|||&#8221; global_colors_info=&#8221;{}&#8221; custom_padding__hover=&#8221;|||&#8221;][et_pb_text _builder_version=&#8221;4.16&#8243; text_font=&#8221;|800|||||||&#8221; text_text_color=&#8221;#ffffff&#8221; text_font_size=&#8221;24px&#8221; text_orientation=&#8221;center&#8221; custom_margin=&#8221;3px|||||&#8221; global_colors_info=&#8221;{}&#8221;]<\/p>\n<p>FA\u00c7A UM OR\u00c7AMENTO DO SEU PROJETO\u00a0 E RECEBA AS MELHORES CONDI\u00c7\u00d5ES!<\/p>\n<p>[\/et_pb_text][\/et_pb_column][et_pb_column type=&#8221;2_5&#8243; _builder_version=&#8221;4.16&#8243; custom_padding=&#8221;|||&#8221; global_colors_info=&#8221;{}&#8221; custom_padding__hover=&#8221;|||&#8221;][et_pb_button button_url=&#8221;https:\/\/api.whatsapp.com\/send?phone=+5514998077147&#038;text=RABSITE&#8221; url_new_window=&#8221;on&#8221; button_text=&#8221;FALE CONOSCO&#8221; button_alignment=&#8221;center&#8221; _builder_version=&#8221;4.16&#8243; custom_button=&#8221;on&#8221; button_text_size=&#8221;24px&#8221; button_text_color=&#8221;#ffffff&#8221; button_bg_color=&#8221;#0c71c3&#8243; button_border_width=&#8221;0px&#8221; button_font=&#8221;|800|||||||&#8221; button_icon=&#8221;&#xe090;||divi||400&#8243; button_icon_placement=&#8221;left&#8221; background_layout=&#8221;dark&#8221; global_colors_info=&#8221;{}&#8221;][\/et_pb_button][\/et_pb_column][\/et_pb_row][\/et_pb_section][et_pb_section fb_built=&#8221;1&#8243; module_id=&#8221;servicos&#8221; _builder_version=&#8221;4.16&#8243; background_color=&#8221;rgba(178,178,178,0.16)&#8221; background_enable_image=&#8221;off&#8221; background_position=&#8221;top_center&#8221; custom_padding=&#8221;90px||119px|||&#8221; background_last_edited=&#8221;on|desktop&#8221; global_colors_info=&#8221;{}&#8221;][et_pb_row column_structure=&#8221;1_2,1_2&#8243; _builder_version=&#8221;4.16&#8243; global_colors_info=&#8221;{}&#8221;][et_pb_column type=&#8221;1_2&#8243; _builder_version=&#8221;4.16&#8243; global_colors_info=&#8221;{}&#8221;][et_pb_text _builder_version=&#8221;4.16&#8243; text_font=&#8221;|800|||||||&#8221; text_text_color=&#8221;rgba(0,0,0,0.76)&#8221; text_font_size=&#8221;38px&#8221; custom_margin=&#8221;3px|||||&#8221; text_font_size_tablet=&#8221;&#8221; text_font_size_phone=&#8221;28px&#8221; text_font_size_last_edited=&#8221;on|phone&#8221; global_colors_info=&#8221;{}&#8221;]<\/p>\n<p>NOSSOS SERVI\u00c7OS<\/p>\n<p>[\/et_pb_text][et_pb_text _builder_version=&#8221;4.16&#8243; text_font_size=&#8221;18px&#8221; text_orientation=&#8221;justified&#8221; custom_margin=&#8221;63px||92px|||&#8221; global_colors_info=&#8221;{}&#8221;]<\/p>\n<p>\u2022 Malha Soldada;<\/p>\n<p>\u2022 Perfis dobradas de at\u00e9 6mts<br \/>de comprimento e dobra de<br \/>at\u00e9 19mm de espessura;<\/p>\n<p>\u2022 Coluna Armada Soldada;<\/p>\n<p>\u2022 Treli\u00e7as;<\/p>\n<p>\u2022 Vergalh\u00f5es<\/p>\n<p>\u2022 Dobra de Perfis Estrutural<br \/>e para o setor serralheiro;<\/p>\n<p>\u2022 Corte de Plasma e Oxicorte.<\/p>\n<p>[\/et_pb_text][\/et_pb_column][et_pb_column type=&#8221;1_2&#8243; _builder_version=&#8221;4.16&#8243; global_colors_info=&#8221;{}&#8221;][et_pb_gallery gallery_ids=&#8221;628,629,630,631,632&#8243; fullwidth=&#8221;on&#8221; _builder_version=&#8221;4.16&#8243; auto=&#8221;on&#8221; global_colors_info=&#8221;{}&#8221;][\/et_pb_gallery][\/et_pb_column][\/et_pb_row][et_pb_row column_structure=&#8221;1_3,1_3,1_3&#8243; _builder_version=&#8221;4.16&#8243; global_colors_info=&#8221;{}&#8221;][et_pb_column type=&#8221;1_3&#8243; _builder_version=&#8221;4.16&#8243; global_colors_info=&#8221;{}&#8221;][et_pb_button button_url=&#8221;https:\/\/www.facebook.com\/rabferroeaco&#8221; url_new_window=&#8221;on&#8221; button_text=&#8221;FACEBOOK&#8221; button_alignment=&#8221;center&#8221; _builder_version=&#8221;4.16&#8243; custom_button=&#8221;on&#8221; button_text_size=&#8221;24px&#8221; button_text_color=&#8221;#ffffff&#8221; button_bg_color=&#8221;#0c71c3&#8243; button_border_width=&#8221;0px&#8221; button_font=&#8221;|800|||||||&#8221; button_icon=&#8221;&#xe0aa;||divi||400&#8243; button_on_hover=&#8221;off&#8221; background_layout=&#8221;dark&#8221; custom_margin=&#8221;36px|||||&#8221; global_colors_info=&#8221;{}&#8221;][\/et_pb_button][\/et_pb_column][et_pb_column type=&#8221;1_3&#8243; _builder_version=&#8221;4.16&#8243; global_colors_info=&#8221;{}&#8221;][et_pb_button button_url=&#8221;https:\/\/www.instagram.com\/rabferroeaco\/&#8221; url_new_window=&#8221;on&#8221; button_text=&#8221;INSTAGRAM&#8221; button_alignment=&#8221;center&#8221; _builder_version=&#8221;4.16&#8243; custom_button=&#8221;on&#8221; button_text_size=&#8221;24px&#8221; button_text_color=&#8221;#ffffff&#8221; button_bg_color=&#8221;#e09900&#8243; button_border_width=&#8221;0px&#8221; button_font=&#8221;|800|||||||&#8221; button_icon=&#8221;&#xe09a;||divi||400&#8243; button_on_hover=&#8221;off&#8221; background_layout=&#8221;dark&#8221; custom_margin=&#8221;36px|||||&#8221; global_colors_info=&#8221;{}&#8221;][\/et_pb_button][\/et_pb_column][et_pb_column type=&#8221;1_3&#8243; _builder_version=&#8221;4.16&#8243; global_colors_info=&#8221;{}&#8221;][et_pb_button button_url=&#8221;https:\/\/goo.gl\/maps\/Ph5XSVag81RxTeZg6&#8243; url_new_window=&#8221;on&#8221; button_text=&#8221;GOOGLE&#8221; button_alignment=&#8221;center&#8221; _builder_version=&#8221;4.16&#8243; custom_button=&#8221;on&#8221; button_text_size=&#8221;24px&#8221; button_text_color=&#8221;#ffffff&#8221; button_bg_color=&#8221;#e02b20&#8243; button_border_width=&#8221;0px&#8221; button_font=&#8221;|800|||||||&#8221; button_icon=&#8221;&#xe0ad;||divi||400&#8243; button_on_hover=&#8221;off&#8221; background_layout=&#8221;dark&#8221; custom_margin=&#8221;36px|||||&#8221; global_colors_info=&#8221;{}&#8221;][\/et_pb_button][\/et_pb_column][\/et_pb_row][\/et_pb_section]<\/p>\n","protected":false},"excerpt":{"rendered":"<p><div id=\"metaslider-id-591\" style=\"width: 100%; margin: 0 auto;\" class=\"ml-slider-3-29-0 metaslider metaslider-flex metaslider-591 ml-slider ms-theme-bubble has-dots-nav\">\n    <div id=\"metaslider_container_591\">\n        <div id=\"metaslider_591\">\n            <ul aria-live=\"polite\" class=\"slides\">\n                <li style=\"display: block; width: 100%;\" class=\"slide-610 ms-image\"><img width=\"1920\" height=\"800\" src=\"https:\/\/rabferroeaco.com.br\/site\/wp-content\/uploads\/2023\/01\/site_rab_banner01_01.jpg\" class=\"slider-591 slide-610\" alt=\"\" decoding=\"async\" loading=\"lazy\" rel=\"\" title=\"site_rab_banner01_01\" srcset=\"https:\/\/rabferroeaco.com.br\/site\/wp-content\/uploads\/2023\/01\/site_rab_banner01_01.jpg 1920w, https:\/\/rabferroeaco.com.br\/site\/wp-content\/uploads\/2023\/01\/site_rab_banner01_01-1280x533.jpg 1280w, https:\/\/rabferroeaco.com.br\/site\/wp-content\/uploads\/2023\/01\/site_rab_banner01_01-980x408.jpg 980w, https:\/\/rabferroeaco.com.br\/site\/wp-content\/uploads\/2023\/01\/site_rab_banner01_01-480x200.jpg 480w\" sizes=\"(min-width: 0px) and (max-width: 480px) 480px, (min-width: 481px) and (max-width: 980px) 980px, (min-width: 981px) and (max-width: 1280px) 1280px, (min-width: 1281px) 1920px, 100vw\" \/><\/li>\n                <li style=\"display: none; width: 100%;\" class=\"slide-611 ms-image\"><img width=\"1920\" height=\"800\" src=\"https:\/\/rabferroeaco.com.br\/site\/wp-content\/uploads\/2023\/01\/site_rab_banner02_01.jpg\" class=\"slider-591 slide-611\" alt=\"\" decoding=\"async\" loading=\"lazy\" rel=\"\" title=\"site_rab_banner02_01\" srcset=\"https:\/\/rabferroeaco.com.br\/site\/wp-content\/uploads\/2023\/01\/site_rab_banner02_01.jpg 1920w, https:\/\/rabferroeaco.com.br\/site\/wp-content\/uploads\/2023\/01\/site_rab_banner02_01-1280x533.jpg 1280w, https:\/\/rabferroeaco.com.br\/site\/wp-content\/uploads\/2023\/01\/site_rab_banner02_01-980x408.jpg 980w, https:\/\/rabferroeaco.com.br\/site\/wp-content\/uploads\/2023\/01\/site_rab_banner02_01-480x200.jpg 480w\" sizes=\"(min-width: 0px) and (max-width: 480px) 480px, (min-width: 481px) and (max-width: 980px) 980px, (min-width: 981px) and (max-width: 1280px) 1280px, (min-width: 1281px) 1920px, 100vw\" \/><\/li>\n                <li style=\"display: none; width: 100%;\" class=\"slide-612 ms-image\"><img width=\"1920\" height=\"800\" src=\"https:\/\/rabferroeaco.com.br\/site\/wp-content\/uploads\/2023\/01\/site_rab_banner03.jpg\" class=\"slider-591 slide-612\" alt=\"\" decoding=\"async\" loading=\"lazy\" rel=\"\" title=\"site_rab_banner03\" srcset=\"https:\/\/rabferroeaco.com.br\/site\/wp-content\/uploads\/2023\/01\/site_rab_banner03.jpg 1920w, https:\/\/rabferroeaco.com.br\/site\/wp-content\/uploads\/2023\/01\/site_rab_banner03-1280x533.jpg 1280w, https:\/\/rabferroeaco.com.br\/site\/wp-content\/uploads\/2023\/01\/site_rab_banner03-980x408.jpg 980w, https:\/\/rabferroeaco.com.br\/site\/wp-content\/uploads\/2023\/01\/site_rab_banner03-480x200.jpg 480w\" sizes=\"(min-width: 0px) and (max-width: 480px) 480px, (min-width: 481px) and (max-width: 980px) 980px, (min-width: 981px) and (max-width: 1280px) 1280px, (min-width: 1281px) 1920px, 100vw\" \/><\/li>\n            <\/ul>\n        <\/div>\n        \n    <\/div>\n<\/div>SOBRE N\u00d3SA RAB Ferro e A\u00e7o traz a melhor solu\u00e7\u00e3o para sua OBRA e SERRALHERIA com ferros e metais diretamente da f\u00e1brica! Com grande experi\u00eancia no fornecimento de material para constru\u00e7\u00e3o, funda\u00e7\u00e3o e torres de telecom, somos referencia em artefatos em ferro e a\u00e7o, entendendo especifica\u00e7\u00f5es t\u00e9cnicas nobres e tamb\u00e9m aplica\u00e7\u00f5es mais simples da [&hellip;]<\/p>\n","protected":false},"author":1,"featured_media":0,"parent":0,"menu_order":0,"comment_status":"closed","ping_status":"closed","template":"","meta":{"_et_pb_use_builder":"on","_et_pb_old_content":"","_et_gb_content_width":""},"_links":{"self":[{"href":"https:\/\/rabferroeaco.com.br\/site\/wp-json\/wp\/v2\/pages\/41"}],"collection":[{"href":"https:\/\/rabferroeaco.com.br\/site\/wp-json\/wp\/v2\/pages"}],"about":[{"href":"https:\/\/rabferroeaco.com.br\/site\/wp-json\/wp\/v2\/types\/page"}],"author":[{"embeddable":true,"href":"https:\/\/rabferroeaco.com.br\/site\/wp-json\/wp\/v2\/users\/1"}],"replies":[{"embeddable":true,"href":"https:\/\/rabferroeaco.com.br\/site\/wp-json\/wp\/v2\/comments?post=41"}],"version-history":[{"count":104,"href":"https:\/\/rabferroeaco.com.br\/site\/wp-json\/wp\/v2\/pages\/41\/revisions"}],"predecessor-version":[{"id":821,"href":"https:\/\/rabferroeaco.com.br\/site\/wp-json\/wp\/v2\/pages\/41\/revisions\/821"}],"wp:attachment":[{"href":"https:\/\/rabferroeaco.com.br\/site\/wp-json\/wp\/v2\/media?parent=41"}],"curies":[{"name":"wp","href":"https:\/\/api.w.org\/{rel}","templated":true}]}}